{"id":37,"date":"2021-04-13T13:55:45","date_gmt":"2021-04-13T13:55:45","guid":{"rendered":"https:\/\/heilpraktiker-im-hafenbad.de\/?page_id=37"},"modified":"2023-04-04T08:51:46","modified_gmt":"2023-04-04T08:51:46","slug":"miriam-paul-2","status":"publish","type":"page","link":"https:\/\/heilpraktiker-im-hafenbad.de\/?page_id=37","title":{"rendered":"Miriam Paul"},"content":{"rendered":"\n<div class=\"wp-block-media-text alignwide is-stacked-on-mobile\" style=\"grid-template-columns:25% auto\"><figure class=\"wp-block-media-text__media\"><img loading=\"lazy\" decoding=\"async\" width=\"640\" height=\"762\" src=\"https:\/\/heilpraktiker-im-hafenbad.de\/wp-content\/uploads\/2021\/04\/Miriam-Paul.jpg\" alt=\"Miriam Paul\" class=\"wp-image-27 size-full\" srcset=\"https:\/\/heilpraktiker-im-hafenbad.de\/wp-content\/uploads\/2021\/04\/Miriam-Paul.jpg 640w, https:\/\/heilpraktiker-im-hafenbad.de\/wp-content\/uploads\/2021\/04\/Miriam-Paul-252x300.jpg 252w\" sizes=\"auto, (max-width: 640px) 100vw, 640px\" \/><\/figure><div class=\"wp-block-media-text__content\">\n<p class=\"has-medium-font-size\">Heilpraktikerin nur f\u00fcr den Bereich der Psychotherapie nach dem Heilpraktikergesetz (HPG)<\/p>\n\n\n\n<p class=\"has-normal-font-size\">Durch die Einfl\u00fcsse verschiedener Therapiemethoden kann ich Ihnen eine auf Ihre individuellen Bed\u00fcrfnisse abgestimmte Therapie anbieten. Gemeinsam finden wir heraus, was Ihnen gut tut.<\/p>\n<\/div><\/div>\n\n\n\n<p>Neben wertvollen Methoden der tiefenpsychologischen-, humanistischen-, kognitiven- und systemischen- Therapie, kann Ihnen die Kunst- und Kreativtherapie helfen, mit Bildern auszudr\u00fccken, was in Gedanken und Worten noch nicht fassbar ist. Zudem regt das Gestalten sch\u00f6pferische Prozesse an, welche die pers\u00f6nliche Entwicklung und die Heilung von Krankheiten f\u00f6rdern.<\/p>\n\n\n\n<p>Auch Elemente&nbsp;der&nbsp;Entspannungstherapie k\u00f6nnen Ihr Wohlbefinden steigern und somit zu einer erfolgreichen Therapie beitragen.<\/p>\n\n\n\n<div class=\"wp-block-media-text alignwide is-stacked-on-mobile\" style=\"grid-template-columns:26% auto\"><figure class=\"wp-block-media-text__media\"><img loading=\"lazy\" decoding=\"async\" width=\"640\" height=\"607\" src=\"https:\/\/heilpraktiker-im-hafenbad.de\/wp-content\/uploads\/2021\/04\/Miriam_Paul_nur_Logo.jpg\" alt=\"Miriam Paul Logo\" class=\"wp-image-28 size-full\" srcset=\"https:\/\/heilpraktiker-im-hafenbad.de\/wp-content\/uploads\/2021\/04\/Miriam_Paul_nur_Logo.jpg 640w, https:\/\/heilpraktiker-im-hafenbad.de\/wp-content\/uploads\/2021\/04\/Miriam_Paul_nur_Logo-300x285.jpg 300w\" sizes=\"auto, (max-width: 640px) 100vw, 640px\" \/><\/figure><div class=\"wp-block-media-text__content\">\n<p class=\"has-normal-font-size\">Hier k\u00f6nnen Sie sich weiter informieren:<\/p>\n\n\n\n<p class=\"has-medium-font-size\"><a href=\"https:\/\/www.miriampaul.de\/\" target=\"_blank\" rel=\"noreferrer noopener\">Zur Homepage von Miriam Paul www.miriampaul.de<\/a><\/p>\n\n\n\n<p>Kontakt: 0731 144 119 65  \/   0176 219 207 02 <a href=\"mailto:praxis@miriampaul.de\">praxis(at)miriampaul.de<\/a><\/p>\n<\/div><\/div>\n","protected":false},"excerpt":{"rendered":"<p>Heilpraktikerin nur f\u00fcr den Bereich der Psychotherapie nach dem Heilpraktikergesetz (HPG) Durch die Einfl\u00fcsse verschiedener Therapiemethoden kann ich Ihnen eine auf Ihre individuellen Bed\u00fcrfnisse abgestimmte Therapie anbieten. Gemeinsam finden wir heraus, was Ihnen gut tut. Neben wertvollen Methoden der tiefenpsychologischen-, humanistischen-, kognitiven- und systemischen- Therapie, kann Ihnen die Kunst- und Kreativtherapie helfen, mit Bildern auszudr\u00fccken, &hellip; <\/p>\n<p class=\"link-more\"><a href=\"https:\/\/heilpraktiker-im-hafenbad.de\/?page_id=37\" class=\"more-link\"><span class=\"screen-reader-text\">\u201eMiriam Paul\u201c <\/span>weiterlesen<\/a><\/p>\n","protected":false},"author":1,"featured_media":0,"parent":0,"menu_order":0,"comment_status":"closed","ping_status":"closed","template":"","meta":{"footnotes":""},"class_list":["post-37","page","type-page","status-publish","hentry"],"_links":{"self":[{"href":"https:\/\/heilpraktiker-im-hafenbad.de\/index.php?rest_route=\/wp\/v2\/pages\/37","targetHints":{"allow":["GET"]}}],"collection":[{"href":"https:\/\/heilpraktiker-im-hafenbad.de\/index.php?rest_route=\/wp\/v2\/pages"}],"about":[{"href":"https:\/\/heilpraktiker-im-hafenbad.de\/index.php?rest_route=\/wp\/v2\/types\/page"}],"author":[{"embeddable":true,"href":"https:\/\/heilpraktiker-im-hafenbad.de\/index.php?rest_route=\/wp\/v2\/users\/1"}],"replies":[{"embeddable":true,"href":"https:\/\/heilpraktiker-im-hafenbad.de\/index.php?rest_route=%2Fwp%2Fv2%2Fcomments&post=37"}],"version-history":[{"count":7,"href":"https:\/\/heilpraktiker-im-hafenbad.de\/index.php?rest_route=\/wp\/v2\/pages\/37\/revisions"}],"predecessor-version":[{"id":138,"href":"https:\/\/heilpraktiker-im-hafenbad.de\/index.php?rest_route=\/wp\/v2\/pages\/37\/revisions\/138"}],"wp:attachment":[{"href":"https:\/\/heilpraktiker-im-hafenbad.de\/index.php?rest_route=%2Fwp%2Fv2%2Fmedia&parent=37"}],"curies":[{"name":"wp","href":"https:\/\/api.w.org\/{rel}","templated":true}]}}