{"id":35,"date":"2021-04-13T13:53:09","date_gmt":"2021-04-13T13:53:09","guid":{"rendered":"https:\/\/heilpraktiker-im-hafenbad.de\/?page_id=35"},"modified":"2024-04-08T21:26:40","modified_gmt":"2024-04-08T19:26:40","slug":"naturheilpraxis-wanninger","status":"publish","type":"page","link":"https:\/\/heilpraktiker-im-hafenbad.de\/?page_id=35","title":{"rendered":"Naturheilpraxis Wanninger"},"content":{"rendered":"\n<div class=\"wp-block-media-text alignwide is-stacked-on-mobile\" style=\"grid-template-columns:27% auto\"><figure class=\"wp-block-media-text__media\"><img loading=\"lazy\" decoding=\"async\" width=\"300\" height=\"335\" src=\"https:\/\/heilpraktiker-im-hafenbad.de\/wp-content\/uploads\/2021\/04\/Hermann-Wanninger.jpg\" alt=\"Hermann Wanninger\" class=\"wp-image-18 size-full\" srcset=\"https:\/\/heilpraktiker-im-hafenbad.de\/wp-content\/uploads\/2021\/04\/Hermann-Wanninger.jpg 300w, https:\/\/heilpraktiker-im-hafenbad.de\/wp-content\/uploads\/2021\/04\/Hermann-Wanninger-269x300.jpg 269w\" sizes=\"auto, (max-width: 300px) 100vw, 300px\" \/><\/figure><div class=\"wp-block-media-text__content\">\n<p style=\"font-size:28px\">Hermann Wanninger Heilpraktiker<\/p>\n\n\n\n<p>Als K\u00f6rpertherapeut f\u00fchre ich meine therapeutischen Anwendungen \u00fcberwiegend mit den H\u00e4nden durch.<\/p>\n<\/div><\/div>\n\n\n\n<p>F\u00fcr mich ist es ein Anliegen, Sie gezielt mit Ihrem K\u00f6rper in Verbindung zu bringen. Je mehr Bewusstsein f\u00fcr den K\u00f6rper entsteht, desto eher k\u00f6nnen k\u00f6rperliche Defizite korrigiert werden, oder erst gar nicht entstehen.<\/p>\n\n\n\n<p>Die Schwerpunkte meiner Naturheilpraxis sind:<\/p>\n\n\n\n<ul class=\"wp-block-list\"><li>Schmerztherapie<\/li><li>Narbentherapie<\/li><li>Traumatherapie mit EMDR<\/li><li>Massagen<\/li><li>Achtsamkeitstraining und Meditation<\/li><\/ul>\n\n\n\n<div class=\"wp-block-media-text alignwide is-stacked-on-mobile\" style=\"grid-template-columns:27% auto\"><figure class=\"wp-block-media-text__media\"><img loading=\"lazy\" decoding=\"async\" width=\"300\" height=\"300\" src=\"https:\/\/heilpraktiker-im-hafenbad.de\/wp-content\/uploads\/2021\/04\/Wanninger_Logo.jpg\" alt=\"NH-Praxis Wanninger_Logo\" class=\"wp-image-30 size-full\" srcset=\"https:\/\/heilpraktiker-im-hafenbad.de\/wp-content\/uploads\/2021\/04\/Wanninger_Logo.jpg 300w, https:\/\/heilpraktiker-im-hafenbad.de\/wp-content\/uploads\/2021\/04\/Wanninger_Logo-150x150.jpg 150w, https:\/\/heilpraktiker-im-hafenbad.de\/wp-content\/uploads\/2021\/04\/Wanninger_Logo-100x100.jpg 100w\" sizes=\"auto, (max-width: 300px) 100vw, 300px\" \/><\/figure><div class=\"wp-block-media-text__content\">\n<p>Hier k\u00f6nnen Sie sich weiter informieren:<\/p>\n\n\n\n<p class=\"has-medium-font-size\"><a rel=\"noreferrer noopener\" href=\"http:\/\/www.naturheilpraxis-wanninger.de\" target=\"_blank\">Zur Homepage von H. Wanninger: www.naturheilpraxis-wanninger.de<\/a><\/p>\n\n\n\n<p>Kontakt: 0731 \/ 280 656 09 <\/p>\n\n\n\n<p>info(at)naturheilpraxis-wanninger.de<\/p>\n<\/div><\/div>\n","protected":false},"excerpt":{"rendered":"<p>Hermann Wanninger Heilpraktiker Als K\u00f6rpertherapeut f\u00fchre ich meine therapeutischen Anwendungen \u00fcberwiegend mit den H\u00e4nden durch. F\u00fcr mich ist es ein Anliegen, Sie gezielt mit Ihrem K\u00f6rper in Verbindung zu bringen. Je mehr Bewusstsein f\u00fcr den K\u00f6rper entsteht, desto eher k\u00f6nnen k\u00f6rperliche Defizite korrigiert werden, oder erst gar nicht entstehen. Die Schwerpunkte meiner Naturheilpraxis sind: Schmerztherapie &hellip; <\/p>\n<p class=\"link-more\"><a href=\"https:\/\/heilpraktiker-im-hafenbad.de\/?page_id=35\" class=\"more-link\"><span class=\"screen-reader-text\">\u201eNaturheilpraxis Wanninger\u201c <\/span>weiterlesen<\/a><\/p>\n","protected":false},"author":1,"featured_media":0,"parent":0,"menu_order":0,"comment_status":"closed","ping_status":"closed","template":"","meta":{"footnotes":""},"class_list":["post-35","page","type-page","status-publish","hentry"],"_links":{"self":[{"href":"https:\/\/heilpraktiker-im-hafenbad.de\/index.php?rest_route=\/wp\/v2\/pages\/35","targetHints":{"allow":["GET"]}}],"collection":[{"href":"https:\/\/heilpraktiker-im-hafenbad.de\/index.php?rest_route=\/wp\/v2\/pages"}],"about":[{"href":"https:\/\/heilpraktiker-im-hafenbad.de\/index.php?rest_route=\/wp\/v2\/types\/page"}],"author":[{"embeddable":true,"href":"https:\/\/heilpraktiker-im-hafenbad.de\/index.php?rest_route=\/wp\/v2\/users\/1"}],"replies":[{"embeddable":true,"href":"https:\/\/heilpraktiker-im-hafenbad.de\/index.php?rest_route=%2Fwp%2Fv2%2Fcomments&post=35"}],"version-history":[{"count":6,"href":"https:\/\/heilpraktiker-im-hafenbad.de\/index.php?rest_route=\/wp\/v2\/pages\/35\/revisions"}],"predecessor-version":[{"id":188,"href":"https:\/\/heilpraktiker-im-hafenbad.de\/index.php?rest_route=\/wp\/v2\/pages\/35\/revisions\/188"}],"wp:attachment":[{"href":"https:\/\/heilpraktiker-im-hafenbad.de\/index.php?rest_route=%2Fwp%2Fv2%2Fmedia&parent=35"}],"curies":[{"name":"wp","href":"https:\/\/api.w.org\/{rel}","templated":true}]}}