{"id":33,"date":"2021-04-13T13:51:20","date_gmt":"2021-04-13T13:51:20","guid":{"rendered":"https:\/\/heilpraktiker-im-hafenbad.de\/?page_id=33"},"modified":"2025-10-06T10:52:46","modified_gmt":"2025-10-06T08:52:46","slug":"paar-sexualtherapie","status":"publish","type":"page","link":"https:\/\/heilpraktiker-im-hafenbad.de\/?page_id=33","title":{"rendered":"Paar &amp; Sexualtherapie Bremicker"},"content":{"rendered":"\n<div class=\"wp-block-media-text alignwide is-stacked-on-mobile\" style=\"grid-template-columns:25% auto\"><figure class=\"wp-block-media-text__media\"><img loading=\"lazy\" decoding=\"async\" width=\"951\" height=\"1024\" src=\"https:\/\/heilpraktiker-im-hafenbad.de\/wp-content\/uploads\/2021\/04\/DSC01006-a-951x1024.jpg\" alt=\"Gabriele Bremicker\" class=\"wp-image-11 size-full\" srcset=\"https:\/\/heilpraktiker-im-hafenbad.de\/wp-content\/uploads\/2021\/04\/DSC01006-a-951x1024.jpg 951w, https:\/\/heilpraktiker-im-hafenbad.de\/wp-content\/uploads\/2021\/04\/DSC01006-a-279x300.jpg 279w, https:\/\/heilpraktiker-im-hafenbad.de\/wp-content\/uploads\/2021\/04\/DSC01006-a-768x827.jpg 768w, https:\/\/heilpraktiker-im-hafenbad.de\/wp-content\/uploads\/2021\/04\/DSC01006-a.jpg 1258w\" sizes=\"auto, (max-width: 706px) 89vw, (max-width: 767px) 82vw, 740px\" \/><\/figure><div class=\"wp-block-media-text__content\">\n<p style=\"font-size:22px\"><strong>Gabriele Bremicker<\/strong> Heilpraktikerin nur f\u00fcr den Bereich der Psychotherapie nach dem Heilpraktikergesetz (HPG)<\/p>\n<\/div><\/div>\n\n\n\n<p class=\"has-normal-font-size\">Unstimmigkeiten in unserer Partnerschaft und unserem Sexualleben beeintr\u00e4chtigen oft unser ganzes Lebensgef\u00fchl. Sehr hilfreich ist es dann die ganz pers\u00f6nlichen und paarspezifischen L\u00f6sungspotenziale zu entdecken und zu entwickeln. Ein wichtiges Element ist oft die Verbesserung der Kommunikation, insbesondere das gegenseitige Zuh\u00f6ren und Verstehen des Partners, der Partnerin.<\/p>\n\n\n\n<p class=\"has-normal-font-size\">Unsere Sexualit\u00e4t ist Ausdruck urspr\u00fcnglichster Lebensenergie. Sie geht dabei weit \u00fcber das rein k\u00f6rperliche Funktionieren hinaus. Eine lebendige, befriedigende Sexualit\u00e4t umfasst das Erleben von Begehren, Erotik, Hingabe, Liebe und Annahme.<\/p>\n\n\n\n<p class=\"has-normal-font-size\">Ich m\u00f6chte Sie ermutigen der Suche nach mehr Liebes-Lebens-Qualit\u00e4t zu folgen.<\/p>\n\n\n\n<p>Hier k\u00f6nnen Sie sich weiter informieren: <a rel=\"noreferrer noopener\" href=\"https:\/\/sexual-paar-therapie.de\/\" target=\"_blank\">Zur Homepage <\/a><a href=\"http:\/\/www.sexual-paar-beratung.de\" target=\"_blank\" rel=\"noreferrer noopener\">www.sexual-paar-beratung.de<\/a><\/p>\n\n\n\n<p>Kontakt: 0731 &#8211; 280 6556 28 \/ 0163 988 43 48 \/ g-bremicker(at)gmx.de<\/p>\n\n\n\n<div class=\"wp-block-cover is-light\" style=\"min-height:648px;aspect-ratio:unset;\"><img loading=\"lazy\" decoding=\"async\" width=\"640\" height=\"512\" class=\"wp-block-cover__image-background wp-image-78\" alt=\"\" src=\"https:\/\/heilpraktiker-im-hafenbad.de\/wp-content\/uploads\/2021\/04\/Logo-Sexual-Paar-Beratung-1.jpg\" style=\"object-position:41% 9%\" data-object-fit=\"cover\" data-object-position=\"41% 9%\" srcset=\"https:\/\/heilpraktiker-im-hafenbad.de\/wp-content\/uploads\/2021\/04\/Logo-Sexual-Paar-Beratung-1.jpg 640w, https:\/\/heilpraktiker-im-hafenbad.de\/wp-content\/uploads\/2021\/04\/Logo-Sexual-Paar-Beratung-1-300x240.jpg 300w\" sizes=\"auto, (max-width: 640px) 100vw, 640px\" \/><span aria-hidden=\"true\" class=\"wp-block-cover__background has-background-dim-30 has-background-dim\"><\/span><div class=\"wp-block-cover__inner-container is-layout-flow wp-block-cover-is-layout-flow\">\n<p><\/p>\n\n\n\n<p class=\"has-text-align-center has-medium-font-size\"><em>Liebe<\/em><\/p>\n\n\n\n<p class=\"has-text-align-center has-medium-font-size\">Wachsen<\/p>\n\n\n\n<p class=\"has-text-align-center has-medium-font-size\"><em>Leidenschaft<\/em><\/p>\n\n\n\n<p class=\"has-text-align-center has-medium-font-size\">Vertrauen <\/p>\n\n\n\n<p class=\"has-text-align-center has-medium-font-size\"><em> Kommunikation<\/em><\/p>\n\n\n\n<p class=\"has-text-align-center has-medium-font-size\"> Begehren <\/p>\n\n\n\n<p class=\"has-text-align-center has-medium-font-size\"><em>Hingabe<\/em><\/p>\n\n\n\n<p class=\"has-text-align-center has-medium-font-size\"><em>Auseinandersetzung<\/em> <\/p>\n\n\n\n<p class=\"has-text-align-center has-medium-font-size\">und so vieles mehr<\/p>\n<\/div><\/div>\n\n\n\n<p><\/p>\n","protected":false},"excerpt":{"rendered":"<p>Gabriele Bremicker Heilpraktikerin nur f\u00fcr den Bereich der Psychotherapie nach dem Heilpraktikergesetz (HPG) Unstimmigkeiten in unserer Partnerschaft und unserem Sexualleben beeintr\u00e4chtigen oft unser ganzes Lebensgef\u00fchl. Sehr hilfreich ist es dann die ganz pers\u00f6nlichen und paarspezifischen L\u00f6sungspotenziale zu entdecken und zu entwickeln. Ein wichtiges Element ist oft die Verbesserung der Kommunikation, insbesondere das gegenseitige Zuh\u00f6ren und &hellip; <\/p>\n<p class=\"link-more\"><a href=\"https:\/\/heilpraktiker-im-hafenbad.de\/?page_id=33\" class=\"more-link\"><span class=\"screen-reader-text\">\u201ePaar &amp; Sexualtherapie Bremicker\u201c <\/span>weiterlesen<\/a><\/p>\n","protected":false},"author":1,"featured_media":0,"parent":0,"menu_order":0,"comment_status":"closed","ping_status":"closed","template":"","meta":{"footnotes":""},"class_list":["post-33","page","type-page","status-publish","hentry"],"_links":{"self":[{"href":"https:\/\/heilpraktiker-im-hafenbad.de\/index.php?rest_route=\/wp\/v2\/pages\/33","targetHints":{"allow":["GET"]}}],"collection":[{"href":"https:\/\/heilpraktiker-im-hafenbad.de\/index.php?rest_route=\/wp\/v2\/pages"}],"about":[{"href":"https:\/\/heilpraktiker-im-hafenbad.de\/index.php?rest_route=\/wp\/v2\/types\/page"}],"author":[{"embeddable":true,"href":"https:\/\/heilpraktiker-im-hafenbad.de\/index.php?rest_route=\/wp\/v2\/users\/1"}],"replies":[{"embeddable":true,"href":"https:\/\/heilpraktiker-im-hafenbad.de\/index.php?rest_route=%2Fwp%2Fv2%2Fcomments&post=33"}],"version-history":[{"count":21,"href":"https:\/\/heilpraktiker-im-hafenbad.de\/index.php?rest_route=\/wp\/v2\/pages\/33\/revisions"}],"predecessor-version":[{"id":197,"href":"https:\/\/heilpraktiker-im-hafenbad.de\/index.php?rest_route=\/wp\/v2\/pages\/33\/revisions\/197"}],"wp:attachment":[{"href":"https:\/\/heilpraktiker-im-hafenbad.de\/index.php?rest_route=%2Fwp%2Fv2%2Fmedia&parent=33"}],"curies":[{"name":"wp","href":"https:\/\/api.w.org\/{rel}","templated":true}]}}