{"id":31,"date":"2021-04-13T13:46:30","date_gmt":"2021-04-13T13:46:30","guid":{"rendered":"https:\/\/heilpraktiker-im-hafenbad.de\/?page_id=31"},"modified":"2023-04-04T09:04:46","modified_gmt":"2023-04-04T09:04:46","slug":"start","status":"publish","type":"page","link":"https:\/\/heilpraktiker-im-hafenbad.de\/","title":{"rendered":"Start"},"content":{"rendered":"\n<p><strong>Herzlich Willkommen!<\/strong><\/p>\n\n\n\n<p><strong>Auf unserer Homepage laden wir Sie ein sich \u00fcber die Angebote und das Leistungsspektrum der Praxisgemeinschaft von Heilpraktiker*innen und Heilpraktiker*innen<strong>, <\/strong>nur f\u00fcr den Bereich der Psychotherapie nach dem Heilpraktikergesetz (HPG), zu informieren. <\/strong><\/p>\n\n\n\n<p><strong>Wir freuen uns \u00fcber einen pers\u00f6nlichen Kontakt mit Ihnen.<\/strong><\/p>\n","protected":false},"excerpt":{"rendered":"<p>Herzlich Willkommen! Auf unserer Homepage laden wir Sie ein sich \u00fcber die Angebote und das Leistungsspektrum der Praxisgemeinschaft von Heilpraktiker*innen und Heilpraktiker*innen, nur f\u00fcr den Bereich der Psychotherapie nach dem Heilpraktikergesetz (HPG), zu informieren. Wir freuen uns \u00fcber einen pers\u00f6nlichen Kontakt mit Ihnen.<\/p>\n","protected":false},"author":1,"featured_media":0,"parent":0,"menu_order":0,"comment_status":"closed","ping_status":"closed","template":"","meta":{"footnotes":""},"class_list":["post-31","page","type-page","status-publish","hentry"],"_links":{"self":[{"href":"https:\/\/heilpraktiker-im-hafenbad.de\/index.php?rest_route=\/wp\/v2\/pages\/31","targetHints":{"allow":["GET"]}}],"collection":[{"href":"https:\/\/heilpraktiker-im-hafenbad.de\/index.php?rest_route=\/wp\/v2\/pages"}],"about":[{"href":"https:\/\/heilpraktiker-im-hafenbad.de\/index.php?rest_route=\/wp\/v2\/types\/page"}],"author":[{"embeddable":true,"href":"https:\/\/heilpraktiker-im-hafenbad.de\/index.php?rest_route=\/wp\/v2\/users\/1"}],"replies":[{"embeddable":true,"href":"https:\/\/heilpraktiker-im-hafenbad.de\/index.php?rest_route=%2Fwp%2Fv2%2Fcomments&post=31"}],"version-history":[{"count":4,"href":"https:\/\/heilpraktiker-im-hafenbad.de\/index.php?rest_route=\/wp\/v2\/pages\/31\/revisions"}],"predecessor-version":[{"id":147,"href":"https:\/\/heilpraktiker-im-hafenbad.de\/index.php?rest_route=\/wp\/v2\/pages\/31\/revisions\/147"}],"wp:attachment":[{"href":"https:\/\/heilpraktiker-im-hafenbad.de\/index.php?rest_route=%2Fwp%2Fv2%2Fmedia&parent=31"}],"curies":[{"name":"wp","href":"https:\/\/api.w.org\/{rel}","templated":true}]}}