{"id":199,"date":"2026-03-18T20:18:36","date_gmt":"2026-03-18T19:18:36","guid":{"rendered":"https:\/\/heilpraktiker-im-hafenbad.de\/?page_id=199"},"modified":"2026-03-18T20:35:15","modified_gmt":"2026-03-18T19:35:15","slug":"__trashed","status":"publish","type":"page","link":"https:\/\/heilpraktiker-im-hafenbad.de\/?page_id=199","title":{"rendered":"Psychotherapie Ronja Ricken"},"content":{"rendered":"\n<div class=\"wp-block-media-text alignwide is-stacked-on-mobile\" style=\"grid-template-columns:24% auto\"><figure class=\"wp-block-media-text__media\"><img loading=\"lazy\" decoding=\"async\" width=\"240\" height=\"268\" src=\"https:\/\/heilpraktiker-im-hafenbad.de\/wp-content\/uploads\/2026\/03\/2026_0318-Lichtbild_Ronja-Ricken-fuer-Gabi.jpeg\" alt=\"\" class=\"wp-image-205 size-full\"\/><\/figure><div class=\"wp-block-media-text__content\">\n<p><strong>M.Sc. Psych. Ronja Ricken<\/strong><\/p>\n\n\n\n<p class=\"has-medium-font-size\">\u00a0Psychologische Psychotherapeutin i.A. \u00a0 Tiefenpsychologisch fundierte Psychotherapie\u00a0<\/p>\n<\/div><\/div>\n\n\n\n<p>In der therapeutischen Arbeit folge ich einem tiefenpsychologischen und humanistischen Ansatz und erkunde gemeinsam mit meinen PatientInnen innere Zusammenh\u00e4nge zwischen aktuellen Beziehungsmustern und biografischen Pr\u00e4gungen, die im Alltag oft unbewusst bleiben. Gemeinsam erkunden wir so, warum bestimmte Situationen heute so stark ber\u00fchren, welche Schutzstrategien und Verhaltensweisen fr\u00fcher einmal sinnvoll waren und wo sie Sie inzwischen begrenzen.<\/p>\n\n\n\n<p><br>In der tiefenpsychologischen Psychotherapie geht es dabei nicht nur darum, Symptome zu lindern, sondern auch darum, ihre Funktion zu verstehen und sie als Wegweiser f\u00fcr innere Entwicklungsprozesse zu nutzen. Dabei arbeite ich potenzial- und ressourcenorientiert und richte den Blick auch auf die vorhandenen F\u00e4higkeiten, M\u00f6glichkeiten und Kr\u00e4fte im Umgang mit der aktuellen Lebenssituation.<\/p>\n\n\n\n<p>Meine Haltung als Therapeutin ist gepr\u00e4gt von Transparenz, einem tiefen Vertrauen ins Leben und einem&nbsp;gro\u00dfen Interesse an den ganz eigenen Wegen zu sich selbst zu finden. Ich glaube nicht an starre Konzepte, sondern an Entwicklung und Ver\u00e4nderung. Ich glaube an das, was heil und ganz in uns allen bereits vorhanden ist \u2013 auch wenn es versch\u00fcttet oder ersch\u00fcttert wurde. Ich arbeite nicht mit fertigen Antworten, sondern mit offenen Fragen und biete einen wertfreien und offenen Raum an. Ich bin davon \u00fcberzeugt, dass jeder Mensch seinen eigenen stimmigen Weg finden&nbsp;kann.<\/p>\n\n\n\n<p><em>Die therapeutische Arbeit ist f\u00fcr mich eine gemeinsame Erkundung, eine Reise, deren Ziel offen bleibt, jedoch mit der Zeit ihre eigene Richtung entfaltet.<\/em><\/p>\n\n\n\n<p><strong>Gr\u00fcnde, sich selbst n\u00e4her kennenzulernen sowie Anliegen und Themen in der Therapie k\u00f6nnen beispielsweise sein:<\/strong><\/p>\n\n\n\n<ul class=\"wp-block-list\">\n<li>Depression, Burnout, Ersch\u00f6pfung, Selbstwertthemen<\/li>\n\n\n\n<li>\u00c4ngste, Phobien und Zw\u00e4nge<\/li>\n\n\n\n<li>Trauer und Verlust<\/li>\n\n\n\n<li>Beziehungs- und Kontaktschwierigkeiten<\/li>\n\n\n\n<li>Schlafst\u00f6rungen, k\u00f6rperliche Beschwerden und Schmerzen\u00a0(Psychosomatik)<\/li>\n\n\n\n<li>Ein Gef\u00fchl, als ob im Leben etwas Wesentliches fehlt, ein Gef\u00fchl der inneren Leere.<\/li>\n\n\n\n<li>Ein Gef\u00fchl, sich selbst im Weg zu stehen oder nicht zu wissen, wer man ist.<\/li>\n\n\n\n<li>Ein Wunsch nach Unterst\u00fctzung und nach einem Raum, wo vergangene oder gegenw\u00e4rtige Belastungen einen Platz bekommen, um wieder mehr Leichtigkeit und Zuversicht im Leben zu finden.<\/li>\n\n\n\n<li>Der Eindruck, das Leben zieht vorbei, ohne dass Sie sich involviert f\u00fchlen.<\/li>\n\n\n\n<li>Ein gro\u00dfer innerer Druck, anders zu sein, besser zu sein und eine andauernde Unzufriedenheit mit dem Ist-Zustand.<\/li>\n<\/ul>\n\n\n\n<p><strong>Ich biete Tiefenpsychologisch fundierte Psychotherapie an:<\/strong><\/p>\n\n\n\n<ul class=\"wp-block-list\">\n<li>Auf Deutsch, f\u00fcr Erwachsene ab 18 Jahren.<\/li>\n\n\n\n<li>F\u00fcr alle gesetzlichen Krankenkassen.<\/li>\n\n\n\n<li>Nach einem ersten Kontakt vereinbaren wir ein pers\u00f6nliches Erstgespr\u00e4ch.<\/li>\n\n\n\n<li>Probatorik: F\u00fcr ein gegenseitiges Kennenlernen und die Kl\u00e4rung, ob eine tiefenpsychologisch fundierte Psychotherapie indiziert ist, stehen uns bis zu vier Probatorische Sitzungen \u00e1 50 Min zu. Diese werden unabh\u00e4ngig von Ihrem Anliegen von den Krankenkassen \u00fcbernommen.<\/li>\n\n\n\n<li>Eine \u00dcberweisung ist nicht erforderlich.<\/li>\n\n\n\n<li>Termine finden in der Regel w\u00f6chentlich statt und dauern 50 Minuten.<\/li>\n\n\n\n<li>Zum Erstgespr\u00e4ch und in jedem neuen Quartal wird die Versicherungskarte der Krankenkasse ben\u00f6tigt.<\/li>\n\n\n\n<li>Engmaschige Supervision: Die Therapiesitzungen reflektiere ich regelm\u00e4\u00dfig mit erfahrenen SupervisorInnen. Hierbei werden selbstverst\u00e4ndlich keine Namen genannt.\u00a0<\/li>\n<\/ul>\n\n\n\n<p><strong>Kontakt:<\/strong><\/p>\n\n\n\n<p>Mail: <a href=\"mailto:praxis.ricken@posteo.de\">praxis.ricken@posteo.de<\/a><\/p>\n","protected":false},"excerpt":{"rendered":"<p>M.Sc. Psych. Ronja Ricken \u00a0Psychologische Psychotherapeutin i.A. \u00a0 Tiefenpsychologisch fundierte Psychotherapie\u00a0 In der therapeutischen Arbeit folge ich einem tiefenpsychologischen und humanistischen Ansatz und erkunde gemeinsam mit meinen PatientInnen innere Zusammenh\u00e4nge zwischen aktuellen Beziehungsmustern und biografischen Pr\u00e4gungen, die im Alltag oft unbewusst bleiben. Gemeinsam erkunden wir so, warum bestimmte Situationen heute so stark ber\u00fchren, welche Schutzstrategien &hellip; <\/p>\n<p class=\"link-more\"><a href=\"https:\/\/heilpraktiker-im-hafenbad.de\/?page_id=199\" class=\"more-link\"><span class=\"screen-reader-text\">\u201ePsychotherapie Ronja Ricken\u201c <\/span>weiterlesen<\/a><\/p>\n","protected":false},"author":1,"featured_media":0,"parent":0,"menu_order":2,"comment_status":"closed","ping_status":"closed","template":"","meta":{"footnotes":""},"class_list":["post-199","page","type-page","status-publish","hentry"],"_links":{"self":[{"href":"https:\/\/heilpraktiker-im-hafenbad.de\/index.php?rest_route=\/wp\/v2\/pages\/199","targetHints":{"allow":["GET"]}}],"collection":[{"href":"https:\/\/heilpraktiker-im-hafenbad.de\/index.php?rest_route=\/wp\/v2\/pages"}],"about":[{"href":"https:\/\/heilpraktiker-im-hafenbad.de\/index.php?rest_route=\/wp\/v2\/types\/page"}],"author":[{"embeddable":true,"href":"https:\/\/heilpraktiker-im-hafenbad.de\/index.php?rest_route=\/wp\/v2\/users\/1"}],"replies":[{"embeddable":true,"href":"https:\/\/heilpraktiker-im-hafenbad.de\/index.php?rest_route=%2Fwp%2Fv2%2Fcomments&post=199"}],"version-history":[{"count":3,"href":"https:\/\/heilpraktiker-im-hafenbad.de\/index.php?rest_route=\/wp\/v2\/pages\/199\/revisions"}],"predecessor-version":[{"id":208,"href":"https:\/\/heilpraktiker-im-hafenbad.de\/index.php?rest_route=\/wp\/v2\/pages\/199\/revisions\/208"}],"wp:attachment":[{"href":"https:\/\/heilpraktiker-im-hafenbad.de\/index.php?rest_route=%2Fwp%2Fv2%2Fmedia&parent=199"}],"curies":[{"name":"wp","href":"https:\/\/api.w.org\/{rel}","templated":true}]}}