{"id":155,"date":"2024-04-03T11:52:00","date_gmt":"2024-04-03T09:52:00","guid":{"rendered":"https:\/\/heilpraktiker-im-hafenbad.de\/?page_id=155"},"modified":"2026-03-18T20:20:44","modified_gmt":"2026-03-18T19:20:44","slug":"david-ricken","status":"publish","type":"page","link":"https:\/\/heilpraktiker-im-hafenbad.de\/?page_id=155","title":{"rendered":"Psychotherapie David Ricken"},"content":{"rendered":"\n<div class=\"wp-block-media-text alignwide is-stacked-on-mobile\" style=\"grid-template-columns:25% auto\"><figure class=\"wp-block-media-text__media\"><img loading=\"lazy\" decoding=\"async\" width=\"1024\" height=\"779\" src=\"https:\/\/heilpraktiker-im-hafenbad.de\/wp-content\/uploads\/2025\/10\/2025-David-DSC_3775-1024x779.jpg\" alt=\"David Ricken\" class=\"wp-image-194 size-full\" srcset=\"https:\/\/heilpraktiker-im-hafenbad.de\/wp-content\/uploads\/2025\/10\/2025-David-DSC_3775-1024x779.jpg 1024w, https:\/\/heilpraktiker-im-hafenbad.de\/wp-content\/uploads\/2025\/10\/2025-David-DSC_3775-300x228.jpg 300w, https:\/\/heilpraktiker-im-hafenbad.de\/wp-content\/uploads\/2025\/10\/2025-David-DSC_3775-768x584.jpg 768w, https:\/\/heilpraktiker-im-hafenbad.de\/wp-content\/uploads\/2025\/10\/2025-David-DSC_3775-1536x1169.jpg 1536w, https:\/\/heilpraktiker-im-hafenbad.de\/wp-content\/uploads\/2025\/10\/2025-David-DSC_3775-2048x1559.jpg 2048w\" sizes=\"auto, (max-width: 706px) 89vw, (max-width: 767px) 82vw, 740px\" \/><\/figure><div class=\"wp-block-media-text__content\">\n<p><strong>M.Sc. Psych. David Ricken<\/strong><\/p>\n\n\n\n<p>Psychologischer Psychotherapeut in Ausbildung Tiefenpsychologisch fundierte Psychotherapie <\/p>\n\n\n\n<p>Heilpraktiker f\u00fcr Psychotherapie<\/p>\n<\/div><\/div>\n\n\n\n<p>Seit  2020  absolviere  ich  eine  staatlich  anerkannte  Ausbildung  zum  psychologischen                                                                                                                   Psychotherapeuten   in  Tiefenpsychologisch  fundierter  Psychotherapie   an   der   ZIST  Akademie (www.zist.de).                                            Die Ausbildung integriert das Verfahren der  Tiefenpsychologischen Psychotherapie mit verschiedenen Verfahren aus dem Spektrum der  Humanistischen  Psychotherapie  und  der  K\u00f6rperpsychotherapie.      Der  Ansatz  ist potenzialorientiert, d.h. es  geht nicht nur darum,  Ihre Symptome zu beseitigen,  sondern auch ihre Funktion zu verstehen und als Wegweiser zu  sehen.   Gleicherma\u00dfen  liegt  der Fokus der Therapie auf der Entfaltung Ihrer innewohnenden Ressourcen, M\u00f6glichkeiten und F\u00e4higkeiten zur Bew\u00e4ltigung Ihrer aktuellen Lebenssituation.   Gemeinsam arbeiten    wir daran, mehr  Bewusstsein  daf\u00fcr  zu  schaffen,  wer  Sie  sind und  was  Sie aufh\u00e4lt, Ihr eigenes Leben in F\u00fclle zu leben.<\/p>\n\n\n\n<p><em>\u201eZu werden, wer man von Anbeginn immer war, erwies sich als das h\u00f6chste Ziel.\u201c<\/em>                         (Wolf B\u00fcntig)<\/p>\n\n\n\n<p>Mir ist es wichtig flexibel auf Sie als Menschen und Ihre individuellen Anliegen einzugehen. Hier beispielhaft einige Themen:<\/p>\n\n\n\n<ul class=\"wp-block-list\">\n<li>Depression, Burnout, Ersch\u00f6pfung<\/li>\n\n\n\n<li>Selbstwertthemen<\/li>\n\n\n\n<li>Trauma<\/li>\n\n\n\n<li>\u00c4ngste und Zw\u00e4nge<\/li>\n\n\n\n<li>Trauer und Verlust<\/li>\n\n\n\n<li>Beziehungs- und Kontaktschwierigkeiten<\/li>\n\n\n\n<li>Schlafst\u00f6rungen, k\u00f6rperliche Beschwerden und Schmerzen, die eventuell psychisch verursacht oder mitbedingt sind&nbsp;(Psychosomatik)<\/li>\n\n\n\n<li>Suchtthematiken<\/li>\n\n\n\n<li>Ein Gef\u00fchl, als ob in Ihrem Leben etwas Wesentliches fehlt oder ein Wunsch nach mehr<\/li>\n\n\n\n<li>Ein Gef\u00fchl, sich selbst im Weg zu stehen oder nicht zu wissen, wer Sie sind<\/li>\n\n\n\n<li>Ein Wunsch nach Unterst\u00fctzung und nach einem Raum, wo vergangene oder gegenw\u00e4rtige Belastungen einen Platz bekommen, um wieder mehr Leichtigkeit, Zuversicht und Freude im Leben finden zu k\u00f6nnen<\/li>\n<\/ul>\n\n\n\n<p><strong>Ich biete Tiefenpsychologisch fundierte Psychotherapie an:<\/strong><\/p>\n\n\n\n<ul class=\"wp-block-list\">\n<li>auf Deutsch und Englisch<\/li>\n\n\n\n<li>f\u00fcr alle Krankenkassen<\/li>\n\n\n\n<li>f\u00fcr unser Kennenlernen, ob wir miteinander arbeiten wollen und Kl\u00e4rung ob eine tiefenpsychologisch fundierte Psychotherapie f\u00fcr Sie stimmig ist, stehen uns die Probatorischen Sitzungen zu. Diese umfassen vier Therapiesitzungen \u00e1 50 Min., die unabh\u00e4ngig von Ihrem Anliegen von den Krankenkassen \u00fcbernommen werden.<\/li>\n\n\n\n<li>engmaschige Supervision: Die Therapiesitzungen reflektiere ich regelm\u00e4\u00dfig mit erfahrenen SupervisiorInnen. Hierbei werden selbstverst\u00e4ndlich keine Namen genannt.&nbsp;<\/li>\n<\/ul>\n\n\n\n<p><strong>Ich biete au\u00dferdem privat Psychotherapie im Rahmen meiner Heilpraktikererlaubnis an:<\/strong><\/p>\n\n\n\n<ul class=\"wp-block-list\">\n<li>Hierbei arbeite ich mit Ihnen ebenso wie mit KassenpatientInnen tiefenpsychologisch fundiert. Die Therapie wird von Ihnen selbst gezahlt.<\/li>\n\n\n\n<li>Die Selbstzahlung der Psychotherapie kann folgende Vorteile f\u00fcr Sie haben:<ul><li><strong>Es findet keine Dokumentation mit Diagnosehinterlegung statt<\/strong>. Dies ist vor allem dann sinnvoll, wenn eine Verbeamtung ansteht oder Sie beispielsweise eine Berufsunf\u00e4higkeits-, Lebens- oder private Krankenversicherung abschlie\u00dfen wollen. Risikozuschl\u00e4ge aufgrund von Psychotherapie entfallen.<\/li><\/ul><ul><li><strong>Steuerlich Absetzbar<\/strong>: Die Kosten sind als Au\u00dfergew\u00f6hnliche Belastungen steuerlich absetzbar.<\/li><\/ul><ul><li><strong>Kaum Wartezeit<\/strong>: Termine sind in der Regel kurzfristig und ohne b\u00fcrokratischen Aufwand m\u00f6glich. Die Wartezeit betr\u00e4gt h\u00e4ufig nicht l\u00e4nger als zwei Wochen.<\/li><\/ul>\n<ul class=\"wp-block-list\">\n<li><strong>Bedarfsgerechte Terminierung<\/strong>: H\u00e4ufigkeit und Dauer der Gespr\u00e4che sind frei w\u00e4hlbar und an kein Reglement gebunden.<\/li>\n<\/ul>\n<\/li>\n\n\n\n<li>Letztere Vorteile k\u00f6nnen Sie ebenfalls nutzen, wenn Sie die Psychotherapie selbst zahlen und die Kosten von Ihrer privaten Kranken- oder Zusatzversicherung erstattet werden. Einige private Kranken- und Zusatzversicherungen erstatten die psychotherapeutischen Leistungen von Heilpraktikern. Bitte Informieren Sie sich hierzu bei Ihrer Krankenkasse.<\/li>\n<\/ul>\n\n\n\n<div class=\"wp-block-media-text alignwide is-stacked-on-mobile\" style=\"grid-template-columns:26% auto\"><figure class=\"wp-block-media-text__media\"><img loading=\"lazy\" decoding=\"async\" width=\"836\" height=\"836\" src=\"https:\/\/heilpraktiker-im-hafenbad.de\/wp-content\/uploads\/2024\/04\/2024-David-Logo.jpg\" alt=\"\" class=\"wp-image-157 size-full\" srcset=\"https:\/\/heilpraktiker-im-hafenbad.de\/wp-content\/uploads\/2024\/04\/2024-David-Logo.jpg 836w, https:\/\/heilpraktiker-im-hafenbad.de\/wp-content\/uploads\/2024\/04\/2024-David-Logo-300x300.jpg 300w, https:\/\/heilpraktiker-im-hafenbad.de\/wp-content\/uploads\/2024\/04\/2024-David-Logo-150x150.jpg 150w, https:\/\/heilpraktiker-im-hafenbad.de\/wp-content\/uploads\/2024\/04\/2024-David-Logo-768x768.jpg 768w, https:\/\/heilpraktiker-im-hafenbad.de\/wp-content\/uploads\/2024\/04\/2024-David-Logo-100x100.jpg 100w\" sizes=\"auto, (max-width: 706px) 89vw, (max-width: 767px) 82vw, 740px\" \/><\/figure><div class=\"wp-block-media-text__content\">\n<p>Hier k\u00f6nnen Sie sich weiter informieren <\/p>\n\n\n\n<p>(Website aktuell in Bearbeitung):&nbsp;&nbsp;&nbsp;&nbsp;&nbsp;&nbsp;&nbsp;&nbsp;&nbsp;&nbsp;&nbsp;&nbsp;&nbsp;&nbsp;&nbsp;&nbsp;&nbsp;&nbsp;&nbsp;&nbsp;&nbsp;&nbsp;&nbsp;&nbsp;&nbsp;&nbsp;&nbsp;&nbsp;&nbsp;&nbsp;&nbsp;&nbsp;&nbsp;&nbsp;&nbsp;&nbsp;&nbsp;&nbsp;&nbsp;&nbsp;&nbsp;&nbsp;&nbsp;&nbsp;&nbsp;&nbsp;&nbsp;&nbsp;&nbsp;&nbsp;&nbsp;&nbsp;&nbsp;&nbsp;&nbsp;&nbsp;&nbsp;&nbsp;&nbsp;&nbsp;&nbsp;&nbsp;&nbsp;&nbsp;&nbsp;&nbsp;&nbsp;&nbsp;&nbsp;&nbsp;&nbsp;&nbsp;&nbsp;&nbsp;&nbsp;&nbsp;&nbsp;&nbsp;&nbsp;&nbsp;&nbsp;&nbsp; <a href=\"http:\/\/www.psychotherapie-ricken.de\">www.psychotherapie-ricken.de<\/a><\/p>\n\n\n\n<p>Wenn Sie Fragen haben, melden Sie sich gern. <\/p>\n\n\n\n<p>Ich freue mich auf Ihre Anfragen und bin gespannt, Sie kennenzulernen.<\/p>\n\n\n\n<p>Mail: <a href=\"mailto:psychotherapie-ricken@posteo.de\">psychotherapie-ricken@posteo.de<\/a><\/p>\n\n\n\n<p>Handy: 0163\/ 1591389<\/p>\n<\/div><\/div>\n","protected":false},"excerpt":{"rendered":"<p>M.Sc. Psych. David Ricken Psychologischer Psychotherapeut in Ausbildung Tiefenpsychologisch fundierte Psychotherapie Heilpraktiker f\u00fcr Psychotherapie Seit 2020 absolviere ich eine staatlich anerkannte Ausbildung zum psychologischen Psychotherapeuten in Tiefenpsychologisch fundierter Psychotherapie an der ZIST Akademie (www.zist.de). Die Ausbildung integriert das Verfahren der Tiefenpsychologischen Psychotherapie mit verschiedenen Verfahren aus dem Spektrum der Humanistischen Psychotherapie und der K\u00f6rperpsychotherapie. Der &hellip; <\/p>\n<p class=\"link-more\"><a href=\"https:\/\/heilpraktiker-im-hafenbad.de\/?page_id=155\" class=\"more-link\"><span class=\"screen-reader-text\">\u201ePsychotherapie David Ricken\u201c <\/span>weiterlesen<\/a><\/p>\n","protected":false},"author":1,"featured_media":0,"parent":0,"menu_order":1,"comment_status":"closed","ping_status":"closed","template":"","meta":{"footnotes":""},"class_list":["post-155","page","type-page","status-publish","hentry"],"_links":{"self":[{"href":"https:\/\/heilpraktiker-im-hafenbad.de\/index.php?rest_route=\/wp\/v2\/pages\/155","targetHints":{"allow":["GET"]}}],"collection":[{"href":"https:\/\/heilpraktiker-im-hafenbad.de\/index.php?rest_route=\/wp\/v2\/pages"}],"about":[{"href":"https:\/\/heilpraktiker-im-hafenbad.de\/index.php?rest_route=\/wp\/v2\/types\/page"}],"author":[{"embeddable":true,"href":"https:\/\/heilpraktiker-im-hafenbad.de\/index.php?rest_route=\/wp\/v2\/users\/1"}],"replies":[{"embeddable":true,"href":"https:\/\/heilpraktiker-im-hafenbad.de\/index.php?rest_route=%2Fwp%2Fv2%2Fcomments&post=155"}],"version-history":[{"count":9,"href":"https:\/\/heilpraktiker-im-hafenbad.de\/index.php?rest_route=\/wp\/v2\/pages\/155\/revisions"}],"predecessor-version":[{"id":204,"href":"https:\/\/heilpraktiker-im-hafenbad.de\/index.php?rest_route=\/wp\/v2\/pages\/155\/revisions\/204"}],"wp:attachment":[{"href":"https:\/\/heilpraktiker-im-hafenbad.de\/index.php?rest_route=%2Fwp%2Fv2%2Fmedia&parent=155"}],"curies":[{"name":"wp","href":"https:\/\/api.w.org\/{rel}","templated":true}]}}